{"id":57560,"date":"2017-05-09T15:56:39","date_gmt":"2017-05-09T13:56:39","guid":{"rendered":"https:\/\/undsgn.com\/uncode\/?page_id=57560"},"modified":"2026-01-04T11:53:39","modified_gmt":"2026-01-04T11:53:39","slug":"creative-corporation","status":"publish","type":"page","link":"https:\/\/kassa2027.se\/","title":{"rendered":"Creative Corporation"},"content":{"rendered":"<div class=\"wpb-content-wrapper\"><p>[vc_row][vc_column width=&#8221;1\/1&#8243;][vc_single_image media=&#8221;166317&#8243; media_width_percent=&#8221;50&#8243; alignment=&#8221;center&#8221; uncode_shortcode_id=&#8221;105514&#8243;][\/vc_column][\/vc_row][vc_row row_height_percent=&#8221;50&#8243; override_padding=&#8221;yes&#8221; h_padding=&#8221;2&#8243; top_padding=&#8221;2&#8243; bottom_padding=&#8221;2&#8243; back_color=&#8221;color-xsdn&#8221; overlay_alpha=&#8221;50&#8243; gutter_size=&#8221;3&#8243; column_width_percent=&#8221;100&#8243; shift_y=&#8221;0&#8243; z_index=&#8221;0&#8243; content_parallax=&#8221;0&#8243; uncode_shortcode_id=&#8221;915330&#8243; back_color_type=&#8221;uncode-palette&#8221;][vc_column column_width_percent=&#8221;100&#8243; position_vertical=&#8221;middle&#8221; gutter_size=&#8221;3&#8243; overlay_alpha=&#8221;50&#8243; shift_x=&#8221;0&#8243; shift_y=&#8221;0&#8243; shift_y_down=&#8221;0&#8243; z_index=&#8221;0&#8243; medium_width=&#8221;0&#8243; mobile_width=&#8221;0&#8243; width=&#8221;1\/1&#8243; uncode_shortcode_id=&#8221;133032&#8243;][vc_custom_heading heading_semantic=&#8221;h1&#8243; text_size=&#8221;custom&#8221; text_weight=&#8221;300&#8243; uncode_shortcode_id=&#8221;155448&#8243; heading_custom_size=&#8221;clamp(45px,5vw,75px)&#8221;]Byt till ett kassasystem som uppfyller <span class=\"text-accent-color\">Skatteverkets <\/span>krav fr\u00e5n <span class=\"text-accent-color\">1 januari 2027<\/span>[\/vc_custom_heading][vc_custom_heading text_color=&#8221;color-wvjs&#8221; text_size=&#8221;h3&#8243; text_weight=&#8221;300&#8243; uncode_shortcode_id=&#8221;106438&#8243; text_color_type=&#8221;uncode-palette&#8221;]Fr\u00e5n \u00e5rsskiftet 2027 m\u00e5ste alla kassaregister kunna exportera f\u00f6rs\u00e4ljningsdata i XML-format enligt Skatteverkets nya krav. M\u00e5nga \u00e4ldre knappkassor och frist\u00e5ende kassasystem saknar detta st\u00f6d och kommer d\u00e5 inte l\u00e4ngre vara godk\u00e4nda.[\/vc_custom_heading][\/vc_column][\/vc_row][vc_row unlock_row_content=&#8221;yes&#8221; row_height_percent=&#8221;0&#8243; override_padding=&#8221;yes&#8221; h_padding=&#8221;2&#8243; top_padding=&#8221;4&#8243; bottom_padding=&#8221;3&#8243; back_color=&#8221;accent&#8221; overlay_alpha=&#8221;50&#8243; equal_height=&#8221;yes&#8221; gutter_size=&#8221;2&#8243; column_width_use_pixel=&#8221;yes&#8221; shift_y=&#8221;0&#8243; z_index=&#8221;0&#8243; content_parallax=&#8221;0&#8243; uncode_shortcode_id=&#8221;194080&#8243; back_color_type=&#8221;uncode-palette&#8221; column_width_pixel=&#8221;1600&#8243; el_class=&#8221;un-mobile-reduced-padding&#8221;][vc_column column_width_percent=&#8221;100&#8243; gutter_size=&#8221;2&#8243; override_padding=&#8221;yes&#8221; column_padding=&#8221;3&#8243; style=&#8221;dark&#8221; back_color=&#8221;color-wayh&#8221; overlay_alpha=&#8221;50&#8243; radius=&#8221;hg&#8221; shift_x=&#8221;0&#8243; shift_y=&#8221;0&#8243; shift_y_down=&#8221;0&#8243; z_index=&#8221;0&#8243; medium_width=&#8221;0&#8243; mobile_width=&#8221;0&#8243; width=&#8221;1\/3&#8243; uncode_shortcode_id=&#8221;319036&#8243; back_color_type=&#8221;uncode-palette&#8221;][vc_custom_heading heading_semantic=&#8221;div&#8221; uncode_shortcode_id=&#8221;168687&#8243;]Nimpos Express[\/vc_custom_heading][vc_custom_heading heading_semantic=&#8221;div&#8221; text_size=&#8221;h1&#8243; text_weight=&#8221;800&#8243; uncode_shortcode_id=&#8221;209760&#8243;]495 kr \/ m\u00e5nad f\u00f6r licens &amp; support[\/vc_custom_heading][uncode_list larger=&#8221;yes&#8221; icon=&#8221;fa fa-check-circle&#8221; uncode_shortcode_id=&#8221;161030&#8243;]<\/p>\n<ul>\n<li>9995 kr f\u00f6r komplett h\u00e5rdvarupaket med kassadator, kvittoskrivare och kontrollenhet.<\/li>\n<li>Stabil och p\u00e5litlig f\u00f6r daglig f\u00f6rs\u00e4ljning. Passar dig som vill byta fr\u00e5n knappkassa.<\/li>\n<li>Du \u00e4ger h\u00e5rdvaran<\/li>\n<li>Den perfekta ers\u00e4ttaren f\u00f6r den omoderna knappkassan<\/li>\n<li>Support 24\/7<\/li>\n<\/ul>\n<p>[\/uncode_list][vc_empty_space empty_h=&#8221;1&#8243;][\/vc_column][vc_column column_width_percent=&#8221;100&#8243; gutter_size=&#8221;2&#8243; override_padding=&#8221;yes&#8221; column_padding=&#8221;3&#8243; style=&#8221;dark&#8221; back_color=&#8221;color-wayh&#8221; overlay_alpha=&#8221;50&#8243; overlay_color_blend=&#8221;multiply&#8221; radius=&#8221;hg&#8221; shift_x=&#8221;0&#8243; shift_y=&#8221;0&#8243; shift_y_down=&#8221;0&#8243; z_index=&#8221;0&#8243; medium_width=&#8221;0&#8243; mobile_width=&#8221;0&#8243; width=&#8221;1\/3&#8243; uncode_shortcode_id=&#8221;268990&#8243; back_color_type=&#8221;uncode-palette&#8221;][vc_custom_heading heading_semantic=&#8221;div&#8221; uncode_shortcode_id=&#8221;137957&#8243;]Nimpos Standard[\/vc_custom_heading][vc_custom_heading heading_semantic=&#8221;div&#8221; text_size=&#8221;h1&#8243; text_weight=&#8221;800&#8243; uncode_shortcode_id=&#8221;399604&#8243;]795 kr \/ m\u00e5nad f\u00f6r licens o support[\/vc_custom_heading][uncode_list larger=&#8221;yes&#8221; icon=&#8221;fa fa-check-circle&#8221; uncode_shortcode_id=&#8221;775625&#8243;]<\/p>\n<ul>\n<li>19 995 kr f\u00f6r komplett h\u00e5rdvarupaket med kraftfull kassadator, kvittoskrivare, 10&#8243; kunddisplay och kontrollenhet<\/li>\n<li>Klarar h\u00f6gt kundtempo och ger mycket snabb respons i kassan<\/li>\n<li>Automatisk koppling mot bokf\u00f6ringsprogram och avancerad rapportering<\/li>\n<li>Support 24\/7<\/li>\n<\/ul>\n<p>[\/uncode_list][vc_empty_space empty_h=&#8221;1&#8243;][\/vc_column][vc_column column_width_percent=&#8221;100&#8243; gutter_size=&#8221;2&#8243; override_padding=&#8221;yes&#8221; column_padding=&#8221;3&#8243; style=&#8221;dark&#8221; back_color=&#8221;color-wayh&#8221; overlay_alpha=&#8221;50&#8243; radius=&#8221;hg&#8221; shift_x=&#8221;0&#8243; shift_y=&#8221;0&#8243; shift_y_down=&#8221;0&#8243; z_index=&#8221;0&#8243; medium_width=&#8221;0&#8243; mobile_width=&#8221;0&#8243; width=&#8221;1\/3&#8243; uncode_shortcode_id=&#8221;936549&#8243; back_color_type=&#8221;uncode-palette&#8221;][vc_custom_heading heading_semantic=&#8221;div&#8221; uncode_shortcode_id=&#8221;185031&#8243;]Nimpos Premium[\/vc_custom_heading][vc_custom_heading heading_semantic=&#8221;div&#8221; text_size=&#8221;h1&#8243; text_weight=&#8221;700&#8243; uncode_shortcode_id=&#8221;172320&#8243;]Specialanpassad l\u00f6sning f\u00f6r dig med en oms\u00e4ttning \u00f6ver 20 msek &#8211; kontakta oss f\u00f6r offert[\/vc_custom_heading][uncode_list larger=&#8221;yes&#8221; icon=&#8221;fa fa-check-circle&#8221; uncode_shortcode_id=&#8221;212035&#8243;][\/uncode_list][vc_empty_space empty_h=&#8221;1&#8243;][\/vc_column][\/vc_row][vc_row row_height_percent=&#8221;50&#8243; override_padding=&#8221;yes&#8221; h_padding=&#8221;2&#8243; top_padding=&#8221;5&#8243; bottom_padding=&#8221;5&#8243; overlay_alpha=&#8221;50&#8243; gutter_size=&#8221;3&#8243; column_width_use_pixel=&#8221;yes&#8221; shift_y=&#8221;0&#8243; z_index=&#8221;0&#8243; column_width_pixel=&#8221;800&#8243;][vc_column column_width_percent=&#8221;100&#8243; align_horizontal=&#8221;align_center&#8221; gutter_size=&#8221;3&#8243; overlay_alpha=&#8221;50&#8243; shift_x=&#8221;0&#8243; shift_y=&#8221;0&#8243; shift_y_down=&#8221;0&#8243; z_index=&#8221;0&#8243; medium_width=&#8221;0&#8243; mobile_width=&#8221;0&#8243; width=&#8221;1\/1&#8243;][vc_row_inner][vc_column_inner column_width_use_pixel=&#8221;yes&#8221; align_horizontal=&#8221;align_center&#8221; gutter_size=&#8221;2&#8243; overlay_alpha=&#8221;50&#8243; shift_x=&#8221;0&#8243; shift_y=&#8221;0&#8243; shift_y_down=&#8221;0&#8243; z_index=&#8221;0&#8243; medium_width=&#8221;0&#8243; mobile_width=&#8221;0&#8243; width=&#8221;1\/1&#8243; column_width_pixel=&#8221;600&#8243;][vc_custom_heading text_size=&#8221;h1&#8243; uncode_shortcode_id=&#8221;220805&#8243;]<strong data-start=\"988\" data-end=\"1063\">Fyll i dina uppgifter s\u00e5 kontaktar en av v\u00e5ra kassasystemexperter dig<\/strong>[\/vc_custom_heading][\/vc_column_inner][\/vc_row_inner][vc_row_inner row_inner_height_percent=&#8221;0&#8243; overlay_alpha=&#8221;50&#8243; gutter_size=&#8221;3&#8243; shift_y=&#8221;0&#8243; z_index=&#8221;0&#8243; uncode_shortcode_id=&#8221;158849&#8243;][vc_column_inner column_width_use_pixel=&#8221;yes&#8221; align_horizontal=&#8221;align_center&#8221; gutter_size=&#8221;3&#8243; overlay_alpha=&#8221;50&#8243; shift_x=&#8221;0&#8243; shift_y=&#8221;0&#8243; shift_y_down=&#8221;0&#8243; z_index=&#8221;0&#8243; medium_width=&#8221;0&#8243; mobile_width=&#8221;0&#8243; width=&#8221;1\/1&#8243; column_width_pixel=&#8221;900&#8243; uncode_shortcode_id=&#8221;200996&#8243;]\n<div class=\"wpcf7 no-js\" id=\"wpcf7-f166334-o1\" lang=\"en-US\" dir=\"ltr\" data-wpcf7-id=\"166334\">\n<div class=\"screen-reader-response\"><p role=\"status\" aria-live=\"polite\" aria-atomic=\"true\"><\/p> <ul><\/ul><\/div>\n<form action=\"\/index.php?rest_route=%2Fwp%2Fv2%2Fpages%2F57560#wpcf7-f166334-o1\" method=\"post\" class=\"wpcf7-form init\" aria-label=\"Contact form\" novalidate=\"novalidate\" data-status=\"init\">\n<fieldset class=\"hidden-fields-container\"><input type=\"hidden\" name=\"_wpcf7\" value=\"166334\" \/><input type=\"hidden\" name=\"_wpcf7_version\" value=\"6.1.4\" \/><input type=\"hidden\" name=\"_wpcf7_locale\" value=\"en_US\" \/><input type=\"hidden\" name=\"_wpcf7_unit_tag\" value=\"wpcf7-f166334-o1\" \/><input type=\"hidden\" name=\"_wpcf7_container_post\" value=\"0\" \/><input type=\"hidden\" name=\"_wpcf7_posted_data_hash\" value=\"\" \/>\n<\/fieldset>\n<div class=\"wpcf7-inline-wrapper\">\n\t<p class=\"wpcf7-inline-field\"><span class=\"wpcf7-form-control-wrap\" data-name=\"your-name\"><input size=\"40\" maxlength=\"400\" class=\"wpcf7-form-control wpcf7-text wpcf7-validates-as-required\" aria-required=\"true\" aria-invalid=\"false\" placeholder=\"Ditt namn *\" value=\"\" type=\"text\" name=\"your-name\" \/><\/span>\n\t<\/p>\n<\/div>\n<div class=\"wpcf7-inline-wrapper\">\n\t<p class=\"wpcf7-inline-field\"><span class=\"wpcf7-form-control-wrap\" data-name=\"your-company\"><input size=\"40\" maxlength=\"400\" class=\"wpcf7-form-control wpcf7-text wpcf7-validates-as-required\" aria-required=\"true\" aria-invalid=\"false\" placeholder=\"F\u00f6retagsnamn\/Verksamhet *\" value=\"\" type=\"text\" name=\"your-company\" \/><\/span>\n\t<\/p>\n<\/div>\n<div class=\"wpcf7-inline-wrapper\">\n\t<p class=\"wpcf7-inline-field\"><span class=\"wpcf7-form-control-wrap\" data-name=\"your-email\"><input size=\"40\" maxlength=\"400\" class=\"wpcf7-form-control wpcf7-text wpcf7-validates-as-required\" aria-required=\"true\" aria-invalid=\"false\" placeholder=\"E-postadress *\" value=\"\" type=\"text\" name=\"your-email\" \/><\/span>\n\t<\/p>\n<\/div>\n<div class=\"wpcf7-inline-wrapper\">\n\t<p class=\"wpcf7-inline-field\"><span class=\"wpcf7-form-control-wrap\" data-name=\"tel-151\"><input size=\"40\" maxlength=\"400\" class=\"wpcf7-form-control wpcf7-tel wpcf7-validates-as-required wpcf7-text wpcf7-validates-as-tel\" aria-required=\"true\" aria-invalid=\"false\" placeholder=\"Telefon *\" value=\"\" type=\"tel\" name=\"tel-151\" \/><\/span>\n\t<\/p>\n<\/div>\n<p style=\"display: none\"><span class=\"wpcf7-form-control-wrap\" data-name=\"your-message\"><textarea cols=\"40\" rows=\"10\" maxlength=\"2000\" class=\"wpcf7-form-control wpcf7-textarea\" aria-invalid=\"false\" placeholder=\"Meddelande\" name=\"your-message\"><\/textarea><\/span>\n<\/p>\n<p><input class=\"wpcf7-form-control wpcf7-submit has-spinner btn btn-accent btn-flat btn-shadow-sm\" type=\"submit\" value=\"Ja, jag vill ha hj\u00e4lp!\" \/>\n<\/p><div class=\"wpcf7-response-output\" aria-hidden=\"true\"><\/div>\n<\/form>\n<\/div>\n[\/vc_column_inner][\/vc_row_inner][vc_row_inner row_inner_height_percent=&#8221;0&#8243; overlay_alpha=&#8221;50&#8243; gutter_size=&#8221;3&#8243; shift_y=&#8221;0&#8243; z_index=&#8221;0&#8243; uncode_shortcode_id=&#8221;481160&#8243; css=&#8221;.vc_custom_1767521977548{padding-top: 35px !important;}&#8221;][vc_column_inner column_width_use_pixel=&#8221;yes&#8221; gutter_size=&#8221;2&#8243; overlay_alpha=&#8221;50&#8243; shift_x=&#8221;0&#8243; shift_y=&#8221;0&#8243; shift_y_down=&#8221;0&#8243; z_index=&#8221;0&#8243; medium_width=&#8221;0&#8243; mobile_width=&#8221;0&#8243; width=&#8221;1\/1&#8243; column_width_pixel=&#8221;600&#8243; uncode_shortcode_id=&#8221;232876&#8243;][vc_custom_heading heading_semantic=&#8221;h3&#8243; text_size=&#8221;h3&#8243; uncode_shortcode_id=&#8221;131340&#8243;]<strong data-start=\"988\" data-end=\"1063\">Vi hj\u00e4lper dig att<\/strong>[\/vc_custom_heading][vc_column_text text_lead=&#8221;yes&#8221; uncode_shortcode_id=&#8221;166368&#8243;]<\/p>\n<ul>\n<li style=\"text-align: left;\" data-pm-slice=\"0 0 []\">Se om ditt kassasystem uppfyller Skatteverkets krav fr\u00e5n 2027<\/li>\n<li style=\"text-align: left;\" data-pm-slice=\"0 0 []\">V\u00e4lja en framtidss\u00e4ker l\u00f6sning<\/li>\n<li style=\"text-align: left;\" data-pm-slice=\"0 0 []\">Komma ig\u00e5ng utan driftstopp eller b\u00f6ter<\/li>\n<\/ul>\n<p>[\/vc_column_text][\/vc_column_inner][\/vc_row_inner][\/vc_column][\/vc_row]<\/p>\n<\/div>","protected":false},"excerpt":{"rendered":"<p>[vc_row][vc_column width=&#8221;1\/1&#8243;][vc_single_image media=&#8221;166317&#8243; media_width_percent=&#8221;50&#8243; alignment=&#8221;center&#8221; uncode_shortcode_id=&#8221;105514&#8243;][\/vc_column][\/vc_row][vc_row row_height_percent=&#8221;50&#8243; override_padding=&#8221;yes&#8221; h_padding=&#8221;2&#8243; top_padding=&#8221;2&#8243; bottom_padding=&#8221;2&#8243; back_color=&#8221;color-xsdn&#8221; overlay_alpha=&#8221;50&#8243; gutter_size=&#8221;3&#8243; column_width_percent=&#8221;100&#8243; shift_y=&#8221;0&#8243; z_index=&#8221;0&#8243; content_parallax=&#8221;0&#8243; uncode_shortcode_id=&#8221;915330&#8243; back_color_type=&#8221;uncode-palette&#8221;][vc_column [&hellip;]<\/p>\n","protected":false},"author":1,"featured_media":117694,"parent":0,"menu_order":0,"comment_status":"closed","ping_status":"closed","template":"","meta":{"footnotes":""},"class_list":["post-57560","page","type-page","status-publish","has-post-thumbnail","hentry","page_category-creative","page_category-business"],"_links":{"self":[{"href":"https:\/\/kassa2027.se\/index.php?rest_route=\/wp\/v2\/pages\/57560","targetHints":{"allow":["GET"]}}],"collection":[{"href":"https:\/\/kassa2027.se\/index.php?rest_route=\/wp\/v2\/pages"}],"about":[{"href":"https:\/\/kassa2027.se\/index.php?rest_route=\/wp\/v2\/types\/page"}],"author":[{"embeddable":true,"href":"https:\/\/kassa2027.se\/index.php?rest_route=\/wp\/v2\/users\/1"}],"replies":[{"embeddable":true,"href":"https:\/\/kassa2027.se\/index.php?rest_route=%2Fwp%2Fv2%2Fcomments&post=57560"}],"version-history":[{"count":24,"href":"https:\/\/kassa2027.se\/index.php?rest_route=\/wp\/v2\/pages\/57560\/revisions"}],"predecessor-version":[{"id":166339,"href":"https:\/\/kassa2027.se\/index.php?rest_route=\/wp\/v2\/pages\/57560\/revisions\/166339"}],"wp:featuredmedia":[{"embeddable":true,"href":"https:\/\/kassa2027.se\/index.php?rest_route=\/wp\/v2\/media\/117694"}],"wp:attachment":[{"href":"https:\/\/kassa2027.se\/index.php?rest_route=%2Fwp%2Fv2%2Fmedia&parent=57560"}],"curies":[{"name":"wp","href":"https:\/\/api.w.org\/{rel}","templated":true}]}}